{"id":1231,"date":"2024-05-09T13:02:42","date_gmt":"2024-05-09T13:02:42","guid":{"rendered":"https:\/\/goatmanagement.agency\/?page_id=1231"},"modified":"2024-07-15T09:24:47","modified_gmt":"2024-07-15T09:24:47","slug":"eventos","status":"publish","type":"page","link":"https:\/\/goatmanagement.agency\/es\/eventos\/","title":{"rendered":"Eventos"},"content":{"rendered":"\t\t<div data-elementor-type=\"wp-page\" data-elementor-id=\"1231\" class=\"elementor elementor-1231 elementor-451\">\n\t\t\t\t<div class=\"elementor-element elementor-element-da625f1 animated-fast e-flex e-con-boxed elementor-invisible e-con e-parent\" data-id=\"da625f1\" data-element_type=\"container\" id=\"home\" data-settings=\"{&quot;background_background&quot;:&quot;classic&quot;,&quot;animation&quot;:&quot;zoomIn&quot;}\">\n\t\t\t\t\t<div class=\"e-con-inner\">\n\t\t<div class=\"elementor-element elementor-element-f2b362d e-con-full e-flex e-con e-child\" data-id=\"f2b362d\" data-element_type=\"container\">\n\t\t\t\t<div class=\"elementor-element elementor-element-0c5d6d3 elementor-widget elementor-widget-heading\" data-id=\"0c5d6d3\" data-element_type=\"widget\" data-widget_type=\"heading.default\">\n\t\t\t\t<div class=\"elementor-widget-container\">\n\t\t\t<style>\/*! elementor - v3.22.0 - 26-06-2024 *\/\n.elementor-heading-title{padding:0;margin:0;line-height:1}.elementor-widget-heading .elementor-heading-title[class*=elementor-size-]>a{color:inherit;font-size:inherit;line-height:inherit}.elementor-widget-heading .elementor-heading-title.elementor-size-small{font-size:15px}.elementor-widget-heading .elementor-heading-title.elementor-size-medium{font-size:19px}.elementor-widget-heading .elementor-heading-title.elementor-size-large{font-size:29px}.elementor-widget-heading .elementor-heading-title.elementor-size-xl{font-size:39px}.elementor-widget-heading .elementor-heading-title.elementor-size-xxl{font-size:59px}<\/style><h1 class=\"elementor-heading-title elementor-size-default\">Eventos<\/h1>\t\t<\/div>\n\t\t\t\t<\/div>\n\t\t<!-- dce invisible element 14128c0 -->\t\t<\/div>\n\t\t\t\t\t<\/div>\n\t\t\t\t<\/div>\n\t\t<div class=\"elementor-element elementor-element-531c284 e-flex e-con-boxed elementor-invisible e-con e-parent\" data-id=\"531c284\" data-element_type=\"container\" id=\"services\" data-settings=\"{&quot;animation&quot;:&quot;zoomIn&quot;}\">\n\t\t\t\t\t<div class=\"e-con-inner\">\n\t\t<div class=\"elementor-element elementor-element-0f55743 e-con-full e-flex e-con e-child\" data-id=\"0f55743\" data-element_type=\"container\" data-settings=\"{&quot;background_background&quot;:&quot;classic&quot;}\">\n\t\t\t\t<div class=\"elementor-element elementor-element-2048dd0 elementor-widget elementor-widget-text-editor\" data-id=\"2048dd0\" data-element_type=\"widget\" data-widget_type=\"text-editor.default\">\n\t\t\t\t<div class=\"elementor-widget-container\">\n\t\t\t<style>\/*! elementor - v3.22.0 - 26-06-2024 *\/\n.elementor-widget-text-editor.elementor-drop-cap-view-stacked .elementor-drop-cap{background-color:#69727d;color:#fff}.elementor-widget-text-editor.elementor-drop-cap-view-framed .elementor-drop-cap{color:#69727d;border:3px solid;background-color:transparent}.elementor-widget-text-editor:not(.elementor-drop-cap-view-default) .elementor-drop-cap{margin-top:8px}.elementor-widget-text-editor:not(.elementor-drop-cap-view-default) .elementor-drop-cap-letter{width:1em;height:1em}.elementor-widget-text-editor .elementor-drop-cap{float:left;text-align:center;line-height:1;font-size:50px}.elementor-widget-text-editor .elementor-drop-cap-letter{display:inline-block}<\/style>\t\t\t\t<p>La gesti\u00f3n de Goat Management est\u00e1 aqu\u00ed para asistirte en la organizaci\u00f3n de tus eventos privados y corporativos con estilo y creatividad. Desde encontrar el lugar perfecto hasta organizar el catering y seleccionar vinos finos, pasando por la elaboraci\u00f3n de invitaciones, la provisi\u00f3n de servicios de chofer y hasta la cobertura profesional de fotos y videos, nuestros consultores personalizan cada detalle con cuidado y originalidad para adaptarse a tus necesidades.<\/p>\t\t\t\t\t\t<\/div>\n\t\t\t\t<\/div>\n\t\t\t\t<\/div>\n\t\t\t\t\t<\/div>\n\t\t\t\t<\/div>\n\t\t<div class=\"elementor-element elementor-element-4adac4e e-flex e-con-boxed elementor-invisible e-con e-parent\" data-id=\"4adac4e\" data-element_type=\"container\" data-settings=\"{&quot;animation&quot;:&quot;zoomIn&quot;}\">\n\t\t\t\t\t<div class=\"e-con-inner\">\n\t\t\t\t<div class=\"elementor-element elementor-element-40b5f93 elementor-widget elementor-widget-heading\" data-id=\"40b5f93\" data-element_type=\"widget\" data-widget_type=\"heading.default\">\n\t\t\t\t<div class=\"elementor-widget-container\">\n\t\t\t<h1 class=\"elementor-heading-title elementor-size-default\">Servicios<\/h1>\t\t<\/div>\n\t\t\t\t<\/div>\n\t\t\t\t\t<\/div>\n\t\t\t\t<\/div>\n\t\t<div class=\"elementor-element elementor-element-034a61d e-flex e-con-boxed elementor-invisible e-con e-parent\" data-id=\"034a61d\" data-element_type=\"container\" data-settings=\"{&quot;animation&quot;:&quot;zoomIn&quot;}\">\n\t\t\t\t\t<div class=\"e-con-inner\">\n\t\t<div class=\"elementor-element elementor-element-024f140 e-con-full e-flex e-con e-child\" data-id=\"024f140\" data-element_type=\"container\" data-settings=\"{&quot;background_background&quot;:&quot;classic&quot;}\">\n\t\t\t\t<div class=\"elementor-element elementor-element-abbebdf elementor-widget elementor-widget-heading\" data-id=\"abbebdf\" data-element_type=\"widget\" data-widget_type=\"heading.default\">\n\t\t\t\t<div class=\"elementor-widget-container\">\n\t\t\t<h2 class=\"elementor-heading-title elementor-size-default\"><a href=\"#form\"><span class=\"titolo\">Eventos privados<\/span><\/a><\/h2>\t\t<\/div>\n\t\t\t\t<\/div>\n\t\t\t\t<\/div>\n\t\t<div class=\"elementor-element elementor-element-baa0bed e-con-full e-flex e-con e-child\" data-id=\"baa0bed\" data-element_type=\"container\" data-settings=\"{&quot;background_background&quot;:&quot;classic&quot;}\">\n\t\t\t\t<div class=\"elementor-element elementor-element-db23217 titolo elementor-widget elementor-widget-heading\" data-id=\"db23217\" data-element_type=\"widget\" data-widget_type=\"heading.default\">\n\t\t\t\t<div class=\"elementor-widget-container\">\n\t\t\t<h2 class=\"elementor-heading-title elementor-size-default\"><a href=\"#form\"><span class=\"titolo\">Reuniones <br>y eventos corporativos<\/span><\/a><\/h2>\t\t<\/div>\n\t\t\t\t<\/div>\n\t\t\t\t<\/div>\n\t\t<div class=\"elementor-element elementor-element-7829daf e-con-full e-flex e-con e-child\" data-id=\"7829daf\" data-element_type=\"container\" data-settings=\"{&quot;background_background&quot;:&quot;classic&quot;}\">\n\t\t\t\t<div class=\"elementor-element elementor-element-78cdabb titolo elementor-widget elementor-widget-heading\" data-id=\"78cdabb\" data-element_type=\"widget\" data-widget_type=\"heading.default\">\n\t\t\t\t<div class=\"elementor-widget-container\">\n\t\t\t<h2 class=\"elementor-heading-title elementor-size-default\"><a href=\"#form\"><span class=\"titolo\">Servicios de chofer<\/span><\/a><\/h2>\t\t<\/div>\n\t\t\t\t<\/div>\n\t\t\t\t<\/div>\n\t\t\t\t\t<\/div>\n\t\t\t\t<\/div>\n\t\t\t\t<section class=\"elementor-section elementor-top-section elementor-element elementor-element-3d442ff elementor-section-boxed elementor-section-height-default elementor-section-height-default elementor-invisible\" data-id=\"3d442ff\" data-element_type=\"section\" id=\"hire\" data-settings=\"{&quot;animation&quot;:&quot;zoomInDown&quot;}\">\n\t\t\t\t\t\t<div class=\"elementor-container elementor-column-gap-no\">\n\t\t\t\t\t<div class=\"elementor-column elementor-col-100 elementor-top-column elementor-element elementor-element-f9af760\" data-id=\"f9af760\" data-element_type=\"column\" id=\"form\" data-settings=\"{&quot;background_background&quot;:&quot;classic&quot;}\">\n\t\t\t<div class=\"elementor-widget-wrap elementor-element-populated\">\n\t\t\t\t\t\t<div class=\"elementor-element elementor-element-21c3463 elementor-widget elementor-widget-heading\" data-id=\"21c3463\" data-element_type=\"widget\" data-widget_type=\"heading.default\">\n\t\t\t\t<div class=\"elementor-widget-container\">\n\t\t\t<h4 class=\"elementor-heading-title elementor-size-default\">Eventos<\/h4>\t\t<\/div>\n\t\t\t\t<\/div>\n\t\t\t\t<div class=\"elementor-element elementor-element-4ab6ac4 elementor-widget elementor-widget-heading\" data-id=\"4ab6ac4\" data-element_type=\"widget\" data-widget_type=\"heading.default\">\n\t\t\t\t<div class=\"elementor-widget-container\">\n\t\t\t<h2 class=\"elementor-heading-title elementor-size-default\">Complete el siguiente formulario y comience su pr\u00f3xima experiencia.<\/h2>\t\t<\/div>\n\t\t\t\t<\/div>\n\t\t\t\t<div class=\"elementor-element elementor-element-fa6eb41 elementor-widget elementor-widget-htcontactform-addons\" data-id=\"fa6eb41\" data-element_type=\"widget\" data-widget_type=\"htcontactform-addons.default\">\n\t\t\t\t<div class=\"elementor-widget-container\">\n\t\t\t            <div class=\"htcontact-form-wrapper\" >\n                \n<div class=\"wpcf7 no-js\" id=\"wpcf7-f1213-o1\" lang=\"es-ES\" dir=\"ltr\">\n<div class=\"screen-reader-response\"><p role=\"status\" aria-live=\"polite\" aria-atomic=\"true\"><\/p> <ul><\/ul><\/div>\n<form action=\"\/es\/wp-json\/wp\/v2\/pages\/1231#wpcf7-f1213-o1\" method=\"post\" class=\"wpcf7-form init\" aria-label=\"Formulario de contacto\" novalidate=\"novalidate\" data-status=\"init\">\n<div style=\"display: none;\">\n<input type=\"hidden\" name=\"_wpcf7\" value=\"1213\" \/>\n<input type=\"hidden\" name=\"_wpcf7_version\" value=\"5.9.6\" \/>\n<input type=\"hidden\" name=\"_wpcf7_locale\" value=\"es_ES\" \/>\n<input type=\"hidden\" name=\"_wpcf7_unit_tag\" value=\"wpcf7-f1213-o1\" \/>\n<input type=\"hidden\" name=\"_wpcf7_container_post\" value=\"0\" \/>\n<input type=\"hidden\" name=\"_wpcf7_posted_data_hash\" value=\"\" \/>\n<\/div>\n<p><label class=\"c50\"> Nombre<br \/>\n<span class=\"wpcf7-form-control-wrap\" data-name=\"nome\"><input size=\"40\" maxlength=\"80\" class=\"wpcf7-form-control wpcf7-text wpcf7-validates-as-required\" aria-required=\"true\" aria-invalid=\"false\" value=\"\" type=\"text\" name=\"nome\" \/><\/span> <\/label>\n<\/p>\n<p><label class=\"c50\"> Apellido<br \/>\n<span class=\"wpcf7-form-control-wrap\" data-name=\"cognome\"><input size=\"40\" maxlength=\"80\" class=\"wpcf7-form-control wpcf7-text wpcf7-validates-as-required\" aria-required=\"true\" aria-invalid=\"false\" value=\"\" type=\"text\" name=\"cognome\" \/><\/span> <\/label>\n<\/p>\n<p><label class=\"c50\"> email<br \/>\n<span class=\"wpcf7-form-control-wrap\" data-name=\"email\"><input size=\"40\" maxlength=\"80\" class=\"wpcf7-form-control wpcf7-email wpcf7-validates-as-required wpcf7-text wpcf7-validates-as-email\" aria-required=\"true\" aria-invalid=\"false\" value=\"\" type=\"email\" name=\"email\" \/><\/span> <\/label>\n<\/p>\n<p><label class=\"c50\"> Tel\u00e9fono<br \/>\n<span class=\"wpcf7-form-control-wrap\" data-name=\"tel\"><input size=\"40\" maxlength=\"80\" class=\"wpcf7-form-control wpcf7-tel wpcf7-validates-as-required wpcf7-text wpcf7-validates-as-tel\" aria-required=\"true\" aria-invalid=\"false\" value=\"\" type=\"tel\" name=\"tel\" \/><\/span> <\/label>\n<\/p>\n<p><label class=\"c50\"> N\u00famero de asistentes<br \/>\n<span class=\"wpcf7-form-control-wrap\" data-name=\"partecipanti\"><input class=\"wpcf7-form-control wpcf7-number wpcf7-validates-as-required wpcf7-validates-as-number\" aria-required=\"true\" aria-invalid=\"false\" value=\"\" type=\"number\" name=\"partecipanti\" \/><\/span> <\/label>\n<\/p>\n<p><label> Selecciona tu experiencia<br \/>\n<span class=\"wpcf7-form-control-wrap\" data-name=\"esperienza\"><select class=\"wpcf7-form-control wpcf7-select wpcf7-validates-as-required\" id=\"form-field-006edee\" aria-required=\"true\" aria-invalid=\"false\" name=\"esperienza\"><option value=\"\">&#8212;Por favor, elige una opci\u00f3n&#8212;<\/option><option value=\"Eventos privados\">Eventos privados<\/option><option value=\"Reuniones y eventos corporativos\">Reuniones y eventos corporativos<\/option><option value=\"Servicios de chofer\">Servicios de chofer<\/option><\/select><\/span> <\/label>\n<\/p>\n<p><span class=\"wpcf7-form-control-wrap\" data-name=\"privacy\"><span class=\"wpcf7-form-control wpcf7-acceptance\"><span class=\"wpcf7-list-item\"><label><input type=\"checkbox\" name=\"privacy\" value=\"1\" aria-invalid=\"false\" \/><span class=\"wpcf7-list-item-label\">He le\u00eddo y comprendido la\n<a href=\"https:\/\/www.iubenda.com\/privacy-policy\/50997240\" target=\"_blank\" class=\"iubenda-nostyle no-brand iubenda-noiframe iubenda-embed iubenda-noiframe \">pol\u00edtica de privacidad<\/a><\/span><\/label><\/span><\/span><\/span>\n<\/p>\n<p><input class=\"wpcf7-form-control wpcf7-submit has-spinner\" type=\"submit\" value=\"Enviar\" \/>\n<\/p><div class=\"wpcf7-response-output\" aria-hidden=\"true\"><\/div>\n<\/form>\n<\/div>\n            <\/div>\n\n        \t\t<\/div>\n\t\t\t\t<\/div>\n\t\t\t\t<div class=\"elementor-element elementor-element-2c23073 elementor-widget elementor-widget-html\" data-id=\"2c23073\" data-element_type=\"widget\" data-widget_type=\"html.default\">\n\t\t\t\t<div class=\"elementor-widget-container\">\n\t\t\t<script>\ndocument.addEventListener('DOMContentLoaded', function() {\n    function updateSelectField(titleText) {\n        const selectField = document.querySelector('#form-field-006edee');\n        if (selectField) {\n            const options = selectField.options;\n            for (let i = 0; i < options.length; i++) {\n                if (options[i].text === titleText) {\n                    selectField.selectedIndex = i;\n                    break;\n                }\n            }\n        }\n    }\n\n    const titles = document.querySelectorAll('.titolo');\n    titles.forEach(function(title) {\n        title.addEventListener('click', function() {\n            const titleText = title.textContent || title.innerText;\n            updateSelectField(titleText);\n        });\n    });\n});\n<\/script>\n\t\t<\/div>\n\t\t\t\t<\/div>\n\t\t\t\t\t<\/div>\n\t\t<\/div>\n\t\t\t\t\t<\/div>\n\t\t<\/section>\n\t\t\t\t<\/div>\n\t\t","protected":false},"excerpt":{"rendered":"<p>La gesti\u00f3n de Goat Management est\u00e1 aqu\u00ed para asistirte en la organizaci\u00f3n de tus eventos privados y corporativos con estilo y creatividad. Desde encontrar el lugar perfecto hasta organizar el catering y seleccionar vinos finos, pasando por la elaboraci\u00f3n de invitaciones, la provisi\u00f3n de servicios de chofer y hasta la cobertura profesional de fotos y [&hellip;]<\/p>\n","protected":false},"author":1,"featured_media":0,"parent":0,"menu_order":0,"comment_status":"closed","ping_status":"closed","template":"full-width.php","meta":{"_acf_changed":false,"footnotes":""},"class_list":["post-1231","page","type-page","status-publish","hentry"],"acf":[],"yoast_head":"<!-- This site is optimized with the Yoast SEO plugin v23.0 - https:\/\/yoast.com\/wordpress\/plugins\/seo\/ -->\n<title>Eventos - Goat Management<\/title>\n<meta name=\"description\" content=\"La gesti\u00f3n de Goat Management est\u00e1 aqu\u00ed para asistirte en la organizaci\u00f3n de tus eventos privados y corporativos con estilo y creatividad.\" \/>\n<meta name=\"robots\" content=\"index, follow, max-snippet:-1, max-image-preview:large, max-video-preview:-1\" \/>\n<link rel=\"canonical\" href=\"https:\/\/goatmanagement.agency\/es\/eventos\/\" \/>\n<meta property=\"og:locale\" content=\"es_ES\" \/>\n<meta property=\"og:type\" content=\"article\" \/>\n<meta property=\"og:title\" content=\"Eventos - Goat Management\" \/>\n<meta property=\"og:description\" content=\"La gesti\u00f3n de Goat Management est\u00e1 aqu\u00ed para asistirte en la organizaci\u00f3n de tus eventos privados y corporativos con estilo y creatividad.\" \/>\n<meta property=\"og:url\" content=\"https:\/\/goatmanagement.agency\/es\/eventos\/\" \/>\n<meta property=\"og:site_name\" content=\"Goat Management\" \/>\n<meta property=\"article:modified_time\" content=\"2024-07-15T09:24:47+00:00\" \/>\n<meta name=\"twitter:card\" content=\"summary_large_image\" \/>\n<meta name=\"twitter:label1\" content=\"Tiempo de lectura\" \/>\n\t<meta name=\"twitter:data1\" content=\"1 minuto\" \/>\n<script type=\"application\/ld+json\" class=\"yoast-schema-graph\">{\"@context\":\"https:\/\/schema.org\",\"@graph\":[{\"@type\":\"WebPage\",\"@id\":\"https:\/\/goatmanagement.agency\/es\/eventos\/\",\"url\":\"https:\/\/goatmanagement.agency\/es\/eventos\/\",\"name\":\"Eventos - Goat Management\",\"isPartOf\":{\"@id\":\"https:\/\/goatmanagement.agency\/es\/#website\"},\"datePublished\":\"2024-05-09T13:02:42+00:00\",\"dateModified\":\"2024-07-15T09:24:47+00:00\",\"description\":\"La gesti\u00f3n de Goat Management est\u00e1 aqu\u00ed para asistirte en la organizaci\u00f3n de tus eventos privados y corporativos con estilo y creatividad.\",\"breadcrumb\":{\"@id\":\"https:\/\/goatmanagement.agency\/es\/eventos\/#breadcrumb\"},\"inLanguage\":\"es\",\"potentialAction\":[{\"@type\":\"ReadAction\",\"target\":[\"https:\/\/goatmanagement.agency\/es\/eventos\/\"]}]},{\"@type\":\"BreadcrumbList\",\"@id\":\"https:\/\/goatmanagement.agency\/es\/eventos\/#breadcrumb\",\"itemListElement\":[{\"@type\":\"ListItem\",\"position\":1,\"name\":\"Home\",\"item\":\"https:\/\/goatmanagement.agency\/es\/\"},{\"@type\":\"ListItem\",\"position\":2,\"name\":\"Eventos\"}]},{\"@type\":\"WebSite\",\"@id\":\"https:\/\/goatmanagement.agency\/es\/#website\",\"url\":\"https:\/\/goatmanagement.agency\/es\/\",\"name\":\"Goat Management\",\"description\":\"Agency\",\"publisher\":{\"@id\":\"https:\/\/goatmanagement.agency\/es\/#organization\"},\"potentialAction\":[{\"@type\":\"SearchAction\",\"target\":{\"@type\":\"EntryPoint\",\"urlTemplate\":\"https:\/\/goatmanagement.agency\/es\/?s={search_term_string}\"},\"query-input\":\"required name=search_term_string\"}],\"inLanguage\":\"es\"},{\"@type\":\"Organization\",\"@id\":\"https:\/\/goatmanagement.agency\/es\/#organization\",\"name\":\"Goat Management\",\"url\":\"https:\/\/goatmanagement.agency\/es\/\",\"logo\":{\"@type\":\"ImageObject\",\"inLanguage\":\"es\",\"@id\":\"https:\/\/goatmanagement.agency\/es\/#\/schema\/logo\/image\/\",\"url\":\"https:\/\/goatmanagement.agency\/wp-content\/uploads\/2024\/04\/goat-logo.png\",\"contentUrl\":\"https:\/\/goatmanagement.agency\/wp-content\/uploads\/2024\/04\/goat-logo.png\",\"width\":813,\"height\":314,\"caption\":\"Goat Management\"},\"image\":{\"@id\":\"https:\/\/goatmanagement.agency\/es\/#\/schema\/logo\/image\/\"}}]}<\/script>\n<!-- \/ Yoast SEO plugin. -->","yoast_head_json":{"title":"Eventos - Goat Management","description":"La gesti\u00f3n de Goat Management est\u00e1 aqu\u00ed para asistirte en la organizaci\u00f3n de tus eventos privados y corporativos con estilo y creatividad.","robots":{"index":"index","follow":"follow","max-snippet":"max-snippet:-1","max-image-preview":"max-image-preview:large","max-video-preview":"max-video-preview:-1"},"canonical":"https:\/\/goatmanagement.agency\/es\/eventos\/","og_locale":"es_ES","og_type":"article","og_title":"Eventos - Goat Management","og_description":"La gesti\u00f3n de Goat Management est\u00e1 aqu\u00ed para asistirte en la organizaci\u00f3n de tus eventos privados y corporativos con estilo y creatividad.","og_url":"https:\/\/goatmanagement.agency\/es\/eventos\/","og_site_name":"Goat Management","article_modified_time":"2024-07-15T09:24:47+00:00","twitter_card":"summary_large_image","twitter_misc":{"Tiempo de lectura":"1 minuto"},"schema":{"@context":"https:\/\/schema.org","@graph":[{"@type":"WebPage","@id":"https:\/\/goatmanagement.agency\/es\/eventos\/","url":"https:\/\/goatmanagement.agency\/es\/eventos\/","name":"Eventos - Goat Management","isPartOf":{"@id":"https:\/\/goatmanagement.agency\/es\/#website"},"datePublished":"2024-05-09T13:02:42+00:00","dateModified":"2024-07-15T09:24:47+00:00","description":"La gesti\u00f3n de Goat Management est\u00e1 aqu\u00ed para asistirte en la organizaci\u00f3n de tus eventos privados y corporativos con estilo y creatividad.","breadcrumb":{"@id":"https:\/\/goatmanagement.agency\/es\/eventos\/#breadcrumb"},"inLanguage":"es","potentialAction":[{"@type":"ReadAction","target":["https:\/\/goatmanagement.agency\/es\/eventos\/"]}]},{"@type":"BreadcrumbList","@id":"https:\/\/goatmanagement.agency\/es\/eventos\/#breadcrumb","itemListElement":[{"@type":"ListItem","position":1,"name":"Home","item":"https:\/\/goatmanagement.agency\/es\/"},{"@type":"ListItem","position":2,"name":"Eventos"}]},{"@type":"WebSite","@id":"https:\/\/goatmanagement.agency\/es\/#website","url":"https:\/\/goatmanagement.agency\/es\/","name":"Goat Management","description":"Agency","publisher":{"@id":"https:\/\/goatmanagement.agency\/es\/#organization"},"potentialAction":[{"@type":"SearchAction","target":{"@type":"EntryPoint","urlTemplate":"https:\/\/goatmanagement.agency\/es\/?s={search_term_string}"},"query-input":"required name=search_term_string"}],"inLanguage":"es"},{"@type":"Organization","@id":"https:\/\/goatmanagement.agency\/es\/#organization","name":"Goat Management","url":"https:\/\/goatmanagement.agency\/es\/","logo":{"@type":"ImageObject","inLanguage":"es","@id":"https:\/\/goatmanagement.agency\/es\/#\/schema\/logo\/image\/","url":"https:\/\/goatmanagement.agency\/wp-content\/uploads\/2024\/04\/goat-logo.png","contentUrl":"https:\/\/goatmanagement.agency\/wp-content\/uploads\/2024\/04\/goat-logo.png","width":813,"height":314,"caption":"Goat Management"},"image":{"@id":"https:\/\/goatmanagement.agency\/es\/#\/schema\/logo\/image\/"}}]}},"_links":{"self":[{"href":"https:\/\/goatmanagement.agency\/es\/wp-json\/wp\/v2\/pages\/1231","targetHints":{"allow":["GET"]}}],"collection":[{"href":"https:\/\/goatmanagement.agency\/es\/wp-json\/wp\/v2\/pages"}],"about":[{"href":"https:\/\/goatmanagement.agency\/es\/wp-json\/wp\/v2\/types\/page"}],"author":[{"embeddable":true,"href":"https:\/\/goatmanagement.agency\/es\/wp-json\/wp\/v2\/users\/1"}],"replies":[{"embeddable":true,"href":"https:\/\/goatmanagement.agency\/es\/wp-json\/wp\/v2\/comments?post=1231"}],"version-history":[{"count":14,"href":"https:\/\/goatmanagement.agency\/es\/wp-json\/wp\/v2\/pages\/1231\/revisions"}],"predecessor-version":[{"id":1679,"href":"https:\/\/goatmanagement.agency\/es\/wp-json\/wp\/v2\/pages\/1231\/revisions\/1679"}],"wp:attachment":[{"href":"https:\/\/goatmanagement.agency\/es\/wp-json\/wp\/v2\/media?parent=1231"}],"curies":[{"name":"wp","href":"https:\/\/api.w.org\/{rel}","templated":true}]}}